{"id":615,"date":"2022-12-08T19:54:56","date_gmt":"2022-12-08T18:54:56","guid":{"rendered":"https:\/\/aqua-solution.fr\/?page_id=615"},"modified":"2025-05-04T18:22:14","modified_gmt":"2025-05-04T16:22:14","slug":"recherche-de-fuite","status":"publish","type":"page","link":"https:\/\/aqua-solution.fr\/index.php\/home\/recherche-de-fuite\/","title":{"rendered":"Recherche de fuite"},"content":{"rendered":"<div class=\"wp-block-image\">\n<figure class=\"aligncenter size-full is-resized\"><img loading=\"lazy\" decoding=\"async\" src=\"https:\/\/aqua-solution.fr\/wp-content\/uploads\/2022\/10\/Logo-V1.png\" alt=\"\" class=\"wp-image-355\" width=\"136\" height=\"68\" srcset=\"https:\/\/aqua-solution.fr\/wp-content\/uploads\/2022\/10\/Logo-V1.png 931w, https:\/\/aqua-solution.fr\/wp-content\/uploads\/2022\/10\/Logo-V1-300x150.png 300w, https:\/\/aqua-solution.fr\/wp-content\/uploads\/2022\/10\/Logo-V1-768x384.png 768w\" sizes=\"auto, (max-width: 136px) 100vw, 136px\" \/><figcaption class=\"wp-element-caption\">Aqua Solution<\/figcaption><\/figure>\n<\/div>\n\n\n<div style=\"height:34px\" aria-hidden=\"true\" class=\"wp-block-spacer\"><\/div>\n\n\n\n<p>Bas\u00e9 dans les Hautes-Alpes, votre sp\u00e9cialiste met tout son savoir-faire au service de l\u2019entretien et de la maintenance de vos piscines, spas et espaces bien-\u00eatre. Que vous soyez un particulier ou un professionnel, b\u00e9n\u00e9ficiez d\u2019un accompagnement personnalis\u00e9 pour garantir la propret\u00e9, la s\u00e9curit\u00e9 et le bon fonctionnement de vos installations toute l\u2019ann\u00e9e.<\/p>\n\n\n\n<p>Nous proposons \u00e9galement un service de <strong>recherche de fuite<\/strong> pr\u00e9cis et efficace, afin de d\u00e9tecter rapidement toute anomalie sur votre bassin et d\u2019\u00e9viter des dommages plus importants. Gr\u00e2ce \u00e0 des outils professionnels et une expertise reconnue, nous localisons l\u2019origine des fuites sans avoir \u00e0 vider votre piscine.<\/p>\n\n\n\n<p>Faites confiance \u00e0 un professionnel de proximit\u00e9, r\u00e9actif et exp\u00e9riment\u00e9, pour profiter pleinement de vos \u00e9quipements en toute s\u00e9r\u00e9nit\u00e9.<\/p>\n\n\n\n<div style=\"height:24px\" aria-hidden=\"true\" class=\"wp-block-spacer\"><\/div>\n\n\n\n<div class=\"wp-block-buttons is-content-justification-center is-layout-flex wp-container-core-buttons-is-layout-16018d1d wp-block-buttons-is-layout-flex\">\n<div class=\"wp-block-button\"><a class=\"wp-block-button__link has-background wp-element-button\" href=\"https:\/\/aqua-solution.fr\/index.php\/me-contacter\/\" style=\"background-color:#4a87c3\">ME CONTACTER<\/a><\/div>\n<\/div>\n\n\n\n<div style=\"height:47px\" aria-hidden=\"true\" class=\"wp-block-spacer\"><\/div>\n\n\n\n<figure class=\"wp-block-gallery has-nested-images columns-default is-cropped wp-block-gallery-1 is-layout-flex wp-block-gallery-is-layout-flex\">\n<figure class=\"wp-block-image size-large\"><img loading=\"lazy\" decoding=\"async\" width=\"768\" height=\"1024\" data-id=\"933\" src=\"https:\/\/aqua-solution.fr\/wp-content\/uploads\/2025\/05\/IMG_6228-1-768x1024.jpg\" alt=\"\" class=\"wp-image-933\" srcset=\"https:\/\/aqua-solution.fr\/wp-content\/uploads\/2025\/05\/IMG_6228-1-768x1024.jpg 768w, https:\/\/aqua-solution.fr\/wp-content\/uploads\/2025\/05\/IMG_6228-1-225x300.jpg 225w, https:\/\/aqua-solution.fr\/wp-content\/uploads\/2025\/05\/IMG_6228-1-1152x1536.jpg 1152w, https:\/\/aqua-solution.fr\/wp-content\/uploads\/2025\/05\/IMG_6228-1-1536x2048.jpg 1536w, https:\/\/aqua-solution.fr\/wp-content\/uploads\/2025\/05\/IMG_6228-1-scaled.jpg 1920w\" sizes=\"auto, (max-width: 768px) 100vw, 768px\" \/><\/figure>\n\n\n\n<figure class=\"wp-block-image size-large\"><img loading=\"lazy\" decoding=\"async\" width=\"1024\" height=\"768\" data-id=\"934\" src=\"https:\/\/aqua-solution.fr\/wp-content\/uploads\/2025\/05\/IMG_6227-1-1024x768.jpg\" alt=\"\" class=\"wp-image-934\" srcset=\"https:\/\/aqua-solution.fr\/wp-content\/uploads\/2025\/05\/IMG_6227-1-1024x768.jpg 1024w, https:\/\/aqua-solution.fr\/wp-content\/uploads\/2025\/05\/IMG_6227-1-300x225.jpg 300w, https:\/\/aqua-solution.fr\/wp-content\/uploads\/2025\/05\/IMG_6227-1-768x576.jpg 768w, https:\/\/aqua-solution.fr\/wp-content\/uploads\/2025\/05\/IMG_6227-1-1536x1152.jpg 1536w, https:\/\/aqua-solution.fr\/wp-content\/uploads\/2025\/05\/IMG_6227-1-2048x1536.jpg 2048w\" sizes=\"auto, (max-width: 1024px) 100vw, 1024px\" \/><\/figure>\n\n\n\n<figure class=\"wp-block-image size-large\"><img loading=\"lazy\" decoding=\"async\" width=\"768\" height=\"1024\" data-id=\"935\" src=\"https:\/\/aqua-solution.fr\/wp-content\/uploads\/2025\/05\/IMG_6225-1-768x1024.jpg\" alt=\"\" class=\"wp-image-935\" srcset=\"https:\/\/aqua-solution.fr\/wp-content\/uploads\/2025\/05\/IMG_6225-1-768x1024.jpg 768w, https:\/\/aqua-solution.fr\/wp-content\/uploads\/2025\/05\/IMG_6225-1-225x300.jpg 225w, https:\/\/aqua-solution.fr\/wp-content\/uploads\/2025\/05\/IMG_6225-1-1152x1536.jpg 1152w, https:\/\/aqua-solution.fr\/wp-content\/uploads\/2025\/05\/IMG_6225-1-1536x2048.jpg 1536w, https:\/\/aqua-solution.fr\/wp-content\/uploads\/2025\/05\/IMG_6225-1-scaled.jpg 1920w\" sizes=\"auto, (max-width: 768px) 100vw, 768px\" \/><\/figure>\n\n\n\n<figure class=\"wp-block-image size-large\"><img loading=\"lazy\" decoding=\"async\" width=\"768\" height=\"1024\" data-id=\"931\" src=\"https:\/\/aqua-solution.fr\/wp-content\/uploads\/2025\/05\/IMG_6224-2-768x1024.jpg\" alt=\"\" class=\"wp-image-931\" srcset=\"https:\/\/aqua-solution.fr\/wp-content\/uploads\/2025\/05\/IMG_6224-2-768x1024.jpg 768w, https:\/\/aqua-solution.fr\/wp-content\/uploads\/2025\/05\/IMG_6224-2-225x300.jpg 225w, https:\/\/aqua-solution.fr\/wp-content\/uploads\/2025\/05\/IMG_6224-2-1152x1536.jpg 1152w, https:\/\/aqua-solution.fr\/wp-content\/uploads\/2025\/05\/IMG_6224-2-1536x2048.jpg 1536w, https:\/\/aqua-solution.fr\/wp-content\/uploads\/2025\/05\/IMG_6224-2-scaled.jpg 1920w\" sizes=\"auto, (max-width: 768px) 100vw, 768px\" \/><\/figure>\n<\/figure>\n\n\n\n<p><\/p>\n","protected":false},"excerpt":{"rendered":"<p>Bas\u00e9 dans les Hautes-Alpes, votre sp\u00e9cialiste met tout son savoir-faire au service de l\u2019entretien et de la maintenance de vos piscines, spas et espaces bien-\u00eatre. Que vous soyez un particulier ou un professionnel, b\u00e9n\u00e9ficiez d\u2019un accompagnement personnalis\u00e9 pour garantir la propret\u00e9, la s\u00e9curit\u00e9 et le bon fonctionnement de vos installations toute l\u2019ann\u00e9e. Nous proposons \u00e9galement&hellip;&nbsp;<a href=\"https:\/\/aqua-solution.fr\/index.php\/home\/recherche-de-fuite\/\" class=\"\" rel=\"bookmark\">Lire la suite &raquo;<span class=\"screen-reader-text\">Recherche de fuite<\/span><\/a><\/p>\n","protected":false},"author":1,"featured_media":0,"parent":5,"menu_order":0,"comment_status":"closed","ping_status":"closed","template":"","meta":{"neve_meta_sidebar":"full-width","neve_meta_container":"","neve_meta_enable_content_width":"on","neve_meta_content_width":100,"neve_meta_title_alignment":"","neve_meta_author_avatar":"","neve_post_elements_order":"","neve_meta_disable_header":"","neve_meta_disable_footer":"","neve_meta_disable_title":"off","footnotes":""},"class_list":["post-615","page","type-page","status-publish","hentry"],"_links":{"self":[{"href":"https:\/\/aqua-solution.fr\/index.php\/wp-json\/wp\/v2\/pages\/615","targetHints":{"allow":["GET"]}}],"collection":[{"href":"https:\/\/aqua-solution.fr\/index.php\/wp-json\/wp\/v2\/pages"}],"about":[{"href":"https:\/\/aqua-solution.fr\/index.php\/wp-json\/wp\/v2\/types\/page"}],"author":[{"embeddable":true,"href":"https:\/\/aqua-solution.fr\/index.php\/wp-json\/wp\/v2\/users\/1"}],"replies":[{"embeddable":true,"href":"https:\/\/aqua-solution.fr\/index.php\/wp-json\/wp\/v2\/comments?post=615"}],"version-history":[{"count":17,"href":"https:\/\/aqua-solution.fr\/index.php\/wp-json\/wp\/v2\/pages\/615\/revisions"}],"predecessor-version":[{"id":936,"href":"https:\/\/aqua-solution.fr\/index.php\/wp-json\/wp\/v2\/pages\/615\/revisions\/936"}],"up":[{"embeddable":true,"href":"https:\/\/aqua-solution.fr\/index.php\/wp-json\/wp\/v2\/pages\/5"}],"wp:attachment":[{"href":"https:\/\/aqua-solution.fr\/index.php\/wp-json\/wp\/v2\/media?parent=615"}],"curies":[{"name":"wp","href":"https:\/\/api.w.org\/{rel}","templated":true}]}}