{"id":69,"date":"2020-01-27T08:05:29","date_gmt":"2020-01-27T07:05:29","guid":{"rendered":"https:\/\/demosites.io\/web-agency-gb\/?page_id=69"},"modified":"2025-05-04T18:28:54","modified_gmt":"2025-05-04T16:28:54","slug":"expertise","status":"publish","type":"page","link":"https:\/\/aqua-solution.fr\/index.php\/home\/expertise\/","title":{"rendered":"Expertise"},"content":{"rendered":"\n<div style=\"height:30px\" aria-hidden=\"true\" class=\"wp-block-spacer\"><\/div>\n\n\n<div class=\"wp-block-image\">\n<figure class=\"aligncenter size-full is-resized\"><img loading=\"lazy\" decoding=\"async\" src=\"https:\/\/aqua-solution.fr\/wp-content\/uploads\/2022\/10\/Logo-V1.png\" alt=\"\" class=\"wp-image-355\" width=\"136\" height=\"68\" srcset=\"https:\/\/aqua-solution.fr\/wp-content\/uploads\/2022\/10\/Logo-V1.png 931w, https:\/\/aqua-solution.fr\/wp-content\/uploads\/2022\/10\/Logo-V1-300x150.png 300w, https:\/\/aqua-solution.fr\/wp-content\/uploads\/2022\/10\/Logo-V1-768x384.png 768w\" sizes=\"auto, (max-width: 136px) 100vw, 136px\" \/><figcaption class=\"wp-element-caption\">Aqua Solution<\/figcaption><\/figure>\n<\/div>\n\n\n<div style=\"height:31px\" aria-hidden=\"true\" class=\"wp-block-spacer\"><\/div>\n\n\n\n<h3 class=\"wp-block-heading\"><strong>Expertise, conseil &amp; diagnostic de bassin dans les Hautes-Alpes<\/strong><\/h3>\n\n\n\n<p>Parce qu\u2019un bassin en bon \u00e9tat repose sur une analyse pr\u00e9cise de son fonctionnement et de son environnement, nous vous proposons un service d\u2019<strong>expertise et de diagnostic complet<\/strong> pour votre piscine et ses \u00e9quipements p\u00e9riph\u00e9riques.<\/p>\n\n\n\n<p>Que ce soit pour identifier un dysfonctionnement, \u00e9valuer l\u2019\u00e9tat g\u00e9n\u00e9ral du bassin, ou vous accompagner dans un projet de r\u00e9novation ou d\u2019am\u00e9lioration, nous mettons \u00e0 votre service notre <strong>exp\u00e9rience technique<\/strong> et notre <strong>regard professionnel<\/strong>.<\/p>\n\n\n\n<p>Filtration, \u00e9tanch\u00e9it\u00e9, rev\u00eatement, local technique, margelles, couverture ou encore domotique\u2026 chaque \u00e9l\u00e9ment est \u00e9tudi\u00e9 avec soin pour vous fournir des <strong>conseils personnalis\u00e9s<\/strong> et des <strong>solutions adapt\u00e9es<\/strong> \u00e0 vos besoins, \u00e0 votre budget et \u00e0 votre environnement.<\/p>\n\n\n\n<p>Une approche sur mesure, au service de la durabilit\u00e9 et du bon fonctionnement de votre installation, en toute tranquillit\u00e9.<\/p>\n\n\n\n<div style=\"height:29px\" aria-hidden=\"true\" class=\"wp-block-spacer\"><\/div>\n\n\n\n<div class=\"wp-block-buttons is-content-justification-center is-layout-flex wp-container-core-buttons-is-layout-16018d1d wp-block-buttons-is-layout-flex\">\n<div class=\"wp-block-button\"><a class=\"wp-block-button__link has-background wp-element-button\" href=\"https:\/\/aqua-solution.fr\/index.php\/me-contacter\/\" style=\"background-color:#4a87c3\">ME CONTACTER<\/a><\/div>\n<\/div>\n\n\n\n<div style=\"height:72px\" aria-hidden=\"true\" class=\"wp-block-spacer\"><\/div>\n\n\n\n<figure class=\"wp-block-gallery has-nested-images columns-default is-cropped wp-block-gallery-1 is-layout-flex wp-block-gallery-is-layout-flex\">\n<figure class=\"wp-block-image size-large\"><img loading=\"lazy\" decoding=\"async\" width=\"768\" height=\"1024\" data-id=\"944\" src=\"https:\/\/aqua-solution.fr\/wp-content\/uploads\/2025\/05\/IMG_9091-1-768x1024.jpg\" alt=\"\" class=\"wp-image-944\" srcset=\"https:\/\/aqua-solution.fr\/wp-content\/uploads\/2025\/05\/IMG_9091-1-768x1024.jpg 768w, https:\/\/aqua-solution.fr\/wp-content\/uploads\/2025\/05\/IMG_9091-1-225x300.jpg 225w, https:\/\/aqua-solution.fr\/wp-content\/uploads\/2025\/05\/IMG_9091-1-1152x1536.jpg 1152w, https:\/\/aqua-solution.fr\/wp-content\/uploads\/2025\/05\/IMG_9091-1-1536x2048.jpg 1536w, https:\/\/aqua-solution.fr\/wp-content\/uploads\/2025\/05\/IMG_9091-1-scaled.jpg 1920w\" sizes=\"auto, (max-width: 768px) 100vw, 768px\" \/><\/figure>\n\n\n\n<figure class=\"wp-block-image size-large\"><img loading=\"lazy\" decoding=\"async\" width=\"768\" height=\"1024\" data-id=\"942\" src=\"https:\/\/aqua-solution.fr\/wp-content\/uploads\/2025\/05\/IMG_9103-768x1024.jpg\" alt=\"\" class=\"wp-image-942\" srcset=\"https:\/\/aqua-solution.fr\/wp-content\/uploads\/2025\/05\/IMG_9103-768x1024.jpg 768w, https:\/\/aqua-solution.fr\/wp-content\/uploads\/2025\/05\/IMG_9103-225x300.jpg 225w, https:\/\/aqua-solution.fr\/wp-content\/uploads\/2025\/05\/IMG_9103-1152x1536.jpg 1152w, https:\/\/aqua-solution.fr\/wp-content\/uploads\/2025\/05\/IMG_9103-1536x2048.jpg 1536w, https:\/\/aqua-solution.fr\/wp-content\/uploads\/2025\/05\/IMG_9103-scaled.jpg 1920w\" sizes=\"auto, (max-width: 768px) 100vw, 768px\" \/><\/figure>\n\n\n\n<figure class=\"wp-block-image size-large\"><img loading=\"lazy\" decoding=\"async\" width=\"768\" height=\"1024\" data-id=\"946\" src=\"https:\/\/aqua-solution.fr\/wp-content\/uploads\/2025\/05\/IMG_9098-1-768x1024.jpg\" alt=\"\" class=\"wp-image-946\" srcset=\"https:\/\/aqua-solution.fr\/wp-content\/uploads\/2025\/05\/IMG_9098-1-768x1024.jpg 768w, https:\/\/aqua-solution.fr\/wp-content\/uploads\/2025\/05\/IMG_9098-1-225x300.jpg 225w, https:\/\/aqua-solution.fr\/wp-content\/uploads\/2025\/05\/IMG_9098-1-1152x1536.jpg 1152w, https:\/\/aqua-solution.fr\/wp-content\/uploads\/2025\/05\/IMG_9098-1-1536x2048.jpg 1536w, https:\/\/aqua-solution.fr\/wp-content\/uploads\/2025\/05\/IMG_9098-1-scaled.jpg 1920w\" sizes=\"auto, (max-width: 768px) 100vw, 768px\" \/><\/figure>\n\n\n\n<figure class=\"wp-block-image size-large\"><img loading=\"lazy\" decoding=\"async\" width=\"768\" height=\"1024\" data-id=\"948\" src=\"https:\/\/aqua-solution.fr\/wp-content\/uploads\/2025\/05\/IMG_9090-1-768x1024.jpg\" alt=\"\" class=\"wp-image-948\" srcset=\"https:\/\/aqua-solution.fr\/wp-content\/uploads\/2025\/05\/IMG_9090-1-768x1024.jpg 768w, https:\/\/aqua-solution.fr\/wp-content\/uploads\/2025\/05\/IMG_9090-1-225x300.jpg 225w, https:\/\/aqua-solution.fr\/wp-content\/uploads\/2025\/05\/IMG_9090-1-1152x1536.jpg 1152w, https:\/\/aqua-solution.fr\/wp-content\/uploads\/2025\/05\/IMG_9090-1-1536x2048.jpg 1536w, https:\/\/aqua-solution.fr\/wp-content\/uploads\/2025\/05\/IMG_9090-1-scaled.jpg 1920w\" sizes=\"auto, (max-width: 768px) 100vw, 768px\" \/><\/figure>\n\n\n\n<figure class=\"wp-block-image size-large\"><img loading=\"lazy\" decoding=\"async\" width=\"1024\" height=\"768\" data-id=\"947\" src=\"https:\/\/aqua-solution.fr\/wp-content\/uploads\/2025\/05\/IMG_9108-1-1024x768.jpg\" alt=\"\" class=\"wp-image-947\" srcset=\"https:\/\/aqua-solution.fr\/wp-content\/uploads\/2025\/05\/IMG_9108-1-1024x768.jpg 1024w, https:\/\/aqua-solution.fr\/wp-content\/uploads\/2025\/05\/IMG_9108-1-300x225.jpg 300w, https:\/\/aqua-solution.fr\/wp-content\/uploads\/2025\/05\/IMG_9108-1-768x576.jpg 768w, https:\/\/aqua-solution.fr\/wp-content\/uploads\/2025\/05\/IMG_9108-1-1536x1152.jpg 1536w, https:\/\/aqua-solution.fr\/wp-content\/uploads\/2025\/05\/IMG_9108-1-2048x1536.jpg 2048w\" sizes=\"auto, (max-width: 1024px) 100vw, 1024px\" \/><\/figure>\n\n\n\n<figure class=\"wp-block-image size-large\"><img loading=\"lazy\" decoding=\"async\" width=\"768\" height=\"1024\" data-id=\"949\" src=\"https:\/\/aqua-solution.fr\/wp-content\/uploads\/2025\/05\/IMG_9089-2-768x1024.jpg\" alt=\"\" class=\"wp-image-949\" srcset=\"https:\/\/aqua-solution.fr\/wp-content\/uploads\/2025\/05\/IMG_9089-2-768x1024.jpg 768w, https:\/\/aqua-solution.fr\/wp-content\/uploads\/2025\/05\/IMG_9089-2-225x300.jpg 225w, https:\/\/aqua-solution.fr\/wp-content\/uploads\/2025\/05\/IMG_9089-2-1152x1536.jpg 1152w, https:\/\/aqua-solution.fr\/wp-content\/uploads\/2025\/05\/IMG_9089-2-1536x2048.jpg 1536w, https:\/\/aqua-solution.fr\/wp-content\/uploads\/2025\/05\/IMG_9089-2-scaled.jpg 1920w\" sizes=\"auto, (max-width: 768px) 100vw, 768px\" \/><\/figure>\n<\/figure>\n\n\n\n<div style=\"height:140px\" aria-hidden=\"true\" class=\"wp-block-spacer\"><\/div>\n","protected":false},"excerpt":{"rendered":"<p>Expertise, conseil &amp; diagnostic de bassin dans les Hautes-Alpes Parce qu\u2019un bassin en bon \u00e9tat repose sur une analyse pr\u00e9cise de son fonctionnement et de son environnement, nous vous proposons un service d\u2019expertise et de diagnostic complet pour votre piscine et ses \u00e9quipements p\u00e9riph\u00e9riques. Que ce soit pour identifier un dysfonctionnement, \u00e9valuer l\u2019\u00e9tat g\u00e9n\u00e9ral du&hellip;&nbsp;<a href=\"https:\/\/aqua-solution.fr\/index.php\/home\/expertise\/\" class=\"\" rel=\"bookmark\">Lire la suite &raquo;<span class=\"screen-reader-text\">Expertise<\/span><\/a><\/p>\n","protected":false},"author":1,"featured_media":0,"parent":5,"menu_order":0,"comment_status":"closed","ping_status":"closed","template":"","meta":{"neve_meta_sidebar":"full-width","neve_meta_container":"","neve_meta_enable_content_width":"on","neve_meta_content_width":100,"neve_meta_title_alignment":"","neve_meta_author_avatar":"","neve_post_elements_order":"","neve_meta_disable_header":"","neve_meta_disable_footer":"","neve_meta_disable_title":"off","footnotes":""},"class_list":["post-69","page","type-page","status-publish","hentry"],"_links":{"self":[{"href":"https:\/\/aqua-solution.fr\/index.php\/wp-json\/wp\/v2\/pages\/69","targetHints":{"allow":["GET"]}}],"collection":[{"href":"https:\/\/aqua-solution.fr\/index.php\/wp-json\/wp\/v2\/pages"}],"about":[{"href":"https:\/\/aqua-solution.fr\/index.php\/wp-json\/wp\/v2\/types\/page"}],"author":[{"embeddable":true,"href":"https:\/\/aqua-solution.fr\/index.php\/wp-json\/wp\/v2\/users\/1"}],"replies":[{"embeddable":true,"href":"https:\/\/aqua-solution.fr\/index.php\/wp-json\/wp\/v2\/comments?post=69"}],"version-history":[{"count":13,"href":"https:\/\/aqua-solution.fr\/index.php\/wp-json\/wp\/v2\/pages\/69\/revisions"}],"predecessor-version":[{"id":950,"href":"https:\/\/aqua-solution.fr\/index.php\/wp-json\/wp\/v2\/pages\/69\/revisions\/950"}],"up":[{"embeddable":true,"href":"https:\/\/aqua-solution.fr\/index.php\/wp-json\/wp\/v2\/pages\/5"}],"wp:attachment":[{"href":"https:\/\/aqua-solution.fr\/index.php\/wp-json\/wp\/v2\/media?parent=69"}],"curies":[{"name":"wp","href":"https:\/\/api.w.org\/{rel}","templated":true}]}}